{"id":545,"date":"2018-03-21T10:43:14","date_gmt":"2018-03-21T09:43:14","guid":{"rendered":"https:\/\/www.t4m.be\/services\/etudes-et-realisation\/"},"modified":"2018-07-05T20:49:26","modified_gmt":"2018-07-05T18:49:26","slug":"assessments-and-implementation","status":"publish","type":"page","link":"https:\/\/www.t4m.be\/en\/services\/assessments-and-implementation\/","title":{"rendered":"Assessments and implementation"},"content":{"rendered":"<h3>Preparing specifications for the renovation of building services and equipment installations<\/h3>\n<p>T4M\u2019s cross-disciplinary experience means that it can put together specifications detailing technical and administrative requirements to make sure that the project complies with norms, legislation and best professional practices.<\/p>\n<h3>Organising and comparing invitations to tender<\/h3>\n<p>T4M sends out invitations to tender to different companies and analyses the tenders submitted to help you choose the best contractor. This comparison system remains the best way to allocate the work that needs to be done.<\/p>\n<h3>Monitoring and accepting the work<\/h3>\n<p>Regular, rigorous monitoring of the work is vital when it comes to guaranteeing compliance with the specifications.<\/p>\n<p>&nbsp;<\/p>\n","protected":false},"excerpt":{"rendered":"<p>Preparing specifications for the renovation of building services and equipment installations T4M\u2019s cross-disciplinary experience means that it can put together <\/p>\n<p class=\"m-postsList__item__readMore\">Lire la suite<\/p>\n","protected":false},"author":2,"featured_media":488,"parent":539,"menu_order":15,"comment_status":"closed","ping_status":"closed","template":"","meta":{"_acf_changed":false,"footnotes":""},"class_list":["post-545","page","type-page","status-publish","has-post-thumbnail","hentry"],"acf":[],"yoast_head":"<!-- This site is optimized with the Yoast SEO plugin v27.4 - https:\/\/yoast.com\/product\/yoast-seo-wordpress\/ -->\n<title>Assessments and implementation - T4M SPRL<\/title>\n<meta name=\"robots\" content=\"index, follow, max-snippet:-1, max-image-preview:large, max-video-preview:-1\" \/>\n<link rel=\"canonical\" href=\"https:\/\/www.t4m.be\/en\/services\/assessments-and-implementation\/\" \/>\n<meta property=\"og:locale\" content=\"en_US\" \/>\n<meta property=\"og:type\" content=\"article\" \/>\n<meta property=\"og:title\" content=\"Assessments and implementation - T4M SPRL\" \/>\n<meta property=\"og:description\" content=\"Preparing specifications for the renovation of building services and equipment installations T4M\u2019s cross-disciplinary experience means that it can put together Lire la suite\" \/>\n<meta property=\"og:url\" content=\"https:\/\/www.t4m.be\/en\/services\/assessments-and-implementation\/\" \/>\n<meta property=\"og:site_name\" content=\"T4M SPRL\" \/>\n<meta property=\"article:modified_time\" content=\"2018-07-05T18:49:26+00:00\" \/>\n<meta property=\"og:image\" content=\"https:\/\/www.t4m.be\/wp-content\/uploads\/2018\/03\/T4M-pac-1024x819.jpeg\" \/>\n\t<meta property=\"og:image:width\" content=\"1024\" \/>\n\t<meta property=\"og:image:height\" content=\"819\" \/>\n\t<meta property=\"og:image:type\" content=\"image\/jpeg\" \/>\n<meta name=\"twitter:card\" content=\"summary_large_image\" \/>\n<meta name=\"twitter:label1\" content=\"Est. reading time\" \/>\n\t<meta name=\"twitter:data1\" content=\"1 minute\" \/>\n<script type=\"application\/ld+json\" class=\"yoast-schema-graph\">{\"@context\":\"https:\\\/\\\/schema.org\",\"@graph\":[{\"@type\":\"WebPage\",\"@id\":\"https:\\\/\\\/www.t4m.be\\\/en\\\/services\\\/assessments-and-implementation\\\/\",\"url\":\"https:\\\/\\\/www.t4m.be\\\/en\\\/services\\\/assessments-and-implementation\\\/\",\"name\":\"Assessments and implementation - T4M SPRL\",\"isPartOf\":{\"@id\":\"https:\\\/\\\/www.t4m.be\\\/#website\"},\"primaryImageOfPage\":{\"@id\":\"https:\\\/\\\/www.t4m.be\\\/en\\\/services\\\/assessments-and-implementation\\\/#primaryimage\"},\"image\":{\"@id\":\"https:\\\/\\\/www.t4m.be\\\/en\\\/services\\\/assessments-and-implementation\\\/#primaryimage\"},\"thumbnailUrl\":\"https:\\\/\\\/www.t4m.be\\\/wp-content\\\/uploads\\\/2018\\\/03\\\/T4M-pac.jpeg\",\"datePublished\":\"2018-03-21T09:43:14+00:00\",\"dateModified\":\"2018-07-05T18:49:26+00:00\",\"breadcrumb\":{\"@id\":\"https:\\\/\\\/www.t4m.be\\\/en\\\/services\\\/assessments-and-implementation\\\/#breadcrumb\"},\"inLanguage\":\"en-US\",\"potentialAction\":[{\"@type\":\"ReadAction\",\"target\":[\"https:\\\/\\\/www.t4m.be\\\/en\\\/services\\\/assessments-and-implementation\\\/\"]}]},{\"@type\":\"ImageObject\",\"inLanguage\":\"en-US\",\"@id\":\"https:\\\/\\\/www.t4m.be\\\/en\\\/services\\\/assessments-and-implementation\\\/#primaryimage\",\"url\":\"https:\\\/\\\/www.t4m.be\\\/wp-content\\\/uploads\\\/2018\\\/03\\\/T4M-pac.jpeg\",\"contentUrl\":\"https:\\\/\\\/www.t4m.be\\\/wp-content\\\/uploads\\\/2018\\\/03\\\/T4M-pac.jpeg\",\"width\":3360,\"height\":2687},{\"@type\":\"BreadcrumbList\",\"@id\":\"https:\\\/\\\/www.t4m.be\\\/en\\\/services\\\/assessments-and-implementation\\\/#breadcrumb\",\"itemListElement\":[{\"@type\":\"ListItem\",\"position\":1,\"name\":\"Home\",\"item\":\"https:\\\/\\\/www.t4m.be\\\/en\\\/\"},{\"@type\":\"ListItem\",\"position\":2,\"name\":\"Services\",\"item\":\"https:\\\/\\\/www.t4m.be\\\/en\\\/services\\\/\"},{\"@type\":\"ListItem\",\"position\":3,\"name\":\"Assessments and implementation\"}]},{\"@type\":\"WebSite\",\"@id\":\"https:\\\/\\\/www.t4m.be\\\/#website\",\"url\":\"https:\\\/\\\/www.t4m.be\\\/\",\"name\":\"T4M SPRL\",\"description\":\"Ing\u00e9nieurs conseils en techniques sp\u00e9ciales &amp; \u00e9nergie\",\"publisher\":{\"@id\":\"https:\\\/\\\/www.t4m.be\\\/#organization\"},\"potentialAction\":[{\"@type\":\"SearchAction\",\"target\":{\"@type\":\"EntryPoint\",\"urlTemplate\":\"https:\\\/\\\/www.t4m.be\\\/?s={search_term_string}\"},\"query-input\":{\"@type\":\"PropertyValueSpecification\",\"valueRequired\":true,\"valueName\":\"search_term_string\"}}],\"inLanguage\":\"en-US\"},{\"@type\":\"Organization\",\"@id\":\"https:\\\/\\\/www.t4m.be\\\/#organization\",\"name\":\"T4M\",\"url\":\"https:\\\/\\\/www.t4m.be\\\/\",\"logo\":{\"@type\":\"ImageObject\",\"inLanguage\":\"en-US\",\"@id\":\"https:\\\/\\\/www.t4m.be\\\/#\\\/schema\\\/logo\\\/image\\\/\",\"url\":\"https:\\\/\\\/www.t4m.be\\\/wp-content\\\/uploads\\\/2018\\\/03\\\/T4M-t4m-logo.png\",\"contentUrl\":\"https:\\\/\\\/www.t4m.be\\\/wp-content\\\/uploads\\\/2018\\\/03\\\/T4M-t4m-logo.png\",\"width\":800,\"height\":800,\"caption\":\"T4M\"},\"image\":{\"@id\":\"https:\\\/\\\/www.t4m.be\\\/#\\\/schema\\\/logo\\\/image\\\/\"}}]}<\/script>\n<!-- \/ Yoast SEO plugin. -->","yoast_head_json":{"title":"Assessments and implementation - T4M SPRL","robots":{"index":"index","follow":"follow","max-snippet":"max-snippet:-1","max-image-preview":"max-image-preview:large","max-video-preview":"max-video-preview:-1"},"canonical":"https:\/\/www.t4m.be\/en\/services\/assessments-and-implementation\/","og_locale":"en_US","og_type":"article","og_title":"Assessments and implementation - T4M SPRL","og_description":"Preparing specifications for the renovation of building services and equipment installations T4M\u2019s cross-disciplinary experience means that it can put together Lire la suite","og_url":"https:\/\/www.t4m.be\/en\/services\/assessments-and-implementation\/","og_site_name":"T4M SPRL","article_modified_time":"2018-07-05T18:49:26+00:00","og_image":[{"width":1024,"height":819,"url":"https:\/\/www.t4m.be\/wp-content\/uploads\/2018\/03\/T4M-pac-1024x819.jpeg","type":"image\/jpeg"}],"twitter_card":"summary_large_image","twitter_misc":{"Est. reading time":"1 minute"},"schema":{"@context":"https:\/\/schema.org","@graph":[{"@type":"WebPage","@id":"https:\/\/www.t4m.be\/en\/services\/assessments-and-implementation\/","url":"https:\/\/www.t4m.be\/en\/services\/assessments-and-implementation\/","name":"Assessments and implementation - T4M SPRL","isPartOf":{"@id":"https:\/\/www.t4m.be\/#website"},"primaryImageOfPage":{"@id":"https:\/\/www.t4m.be\/en\/services\/assessments-and-implementation\/#primaryimage"},"image":{"@id":"https:\/\/www.t4m.be\/en\/services\/assessments-and-implementation\/#primaryimage"},"thumbnailUrl":"https:\/\/www.t4m.be\/wp-content\/uploads\/2018\/03\/T4M-pac.jpeg","datePublished":"2018-03-21T09:43:14+00:00","dateModified":"2018-07-05T18:49:26+00:00","breadcrumb":{"@id":"https:\/\/www.t4m.be\/en\/services\/assessments-and-implementation\/#breadcrumb"},"inLanguage":"en-US","potentialAction":[{"@type":"ReadAction","target":["https:\/\/www.t4m.be\/en\/services\/assessments-and-implementation\/"]}]},{"@type":"ImageObject","inLanguage":"en-US","@id":"https:\/\/www.t4m.be\/en\/services\/assessments-and-implementation\/#primaryimage","url":"https:\/\/www.t4m.be\/wp-content\/uploads\/2018\/03\/T4M-pac.jpeg","contentUrl":"https:\/\/www.t4m.be\/wp-content\/uploads\/2018\/03\/T4M-pac.jpeg","width":3360,"height":2687},{"@type":"BreadcrumbList","@id":"https:\/\/www.t4m.be\/en\/services\/assessments-and-implementation\/#breadcrumb","itemListElement":[{"@type":"ListItem","position":1,"name":"Home","item":"https:\/\/www.t4m.be\/en\/"},{"@type":"ListItem","position":2,"name":"Services","item":"https:\/\/www.t4m.be\/en\/services\/"},{"@type":"ListItem","position":3,"name":"Assessments and implementation"}]},{"@type":"WebSite","@id":"https:\/\/www.t4m.be\/#website","url":"https:\/\/www.t4m.be\/","name":"T4M SPRL","description":"Ing\u00e9nieurs conseils en techniques sp\u00e9ciales &amp; \u00e9nergie","publisher":{"@id":"https:\/\/www.t4m.be\/#organization"},"potentialAction":[{"@type":"SearchAction","target":{"@type":"EntryPoint","urlTemplate":"https:\/\/www.t4m.be\/?s={search_term_string}"},"query-input":{"@type":"PropertyValueSpecification","valueRequired":true,"valueName":"search_term_string"}}],"inLanguage":"en-US"},{"@type":"Organization","@id":"https:\/\/www.t4m.be\/#organization","name":"T4M","url":"https:\/\/www.t4m.be\/","logo":{"@type":"ImageObject","inLanguage":"en-US","@id":"https:\/\/www.t4m.be\/#\/schema\/logo\/image\/","url":"https:\/\/www.t4m.be\/wp-content\/uploads\/2018\/03\/T4M-t4m-logo.png","contentUrl":"https:\/\/www.t4m.be\/wp-content\/uploads\/2018\/03\/T4M-t4m-logo.png","width":800,"height":800,"caption":"T4M"},"image":{"@id":"https:\/\/www.t4m.be\/#\/schema\/logo\/image\/"}}]}},"_links":{"self":[{"href":"https:\/\/www.t4m.be\/en\/wp-json\/wp\/v2\/pages\/545","targetHints":{"allow":["GET"]}}],"collection":[{"href":"https:\/\/www.t4m.be\/en\/wp-json\/wp\/v2\/pages"}],"about":[{"href":"https:\/\/www.t4m.be\/en\/wp-json\/wp\/v2\/types\/page"}],"author":[{"embeddable":true,"href":"https:\/\/www.t4m.be\/en\/wp-json\/wp\/v2\/users\/2"}],"replies":[{"embeddable":true,"href":"https:\/\/www.t4m.be\/en\/wp-json\/wp\/v2\/comments?post=545"}],"version-history":[{"count":2,"href":"https:\/\/www.t4m.be\/en\/wp-json\/wp\/v2\/pages\/545\/revisions"}],"predecessor-version":[{"id":547,"href":"https:\/\/www.t4m.be\/en\/wp-json\/wp\/v2\/pages\/545\/revisions\/547"}],"up":[{"embeddable":true,"href":"https:\/\/www.t4m.be\/en\/wp-json\/wp\/v2\/pages\/539"}],"wp:featuredmedia":[{"embeddable":true,"href":"https:\/\/www.t4m.be\/en\/wp-json\/wp\/v2\/media\/488"}],"wp:attachment":[{"href":"https:\/\/www.t4m.be\/en\/wp-json\/wp\/v2\/media?parent=545"}],"curies":[{"name":"wp","href":"https:\/\/api.w.org\/{rel}","templated":true}]}}