{"id":525,"date":"2016-05-09T21:43:17","date_gmt":"2016-05-09T19:43:17","guid":{"rendered":"https:\/\/www.t4m.be\/references-liste\/"},"modified":"2024-09-23T15:30:08","modified_gmt":"2024-09-23T13:30:08","slug":"references-liste","status":"publish","type":"page","link":"https:\/\/www.t4m.be\/en\/references-liste\/","title":{"rendered":"References"},"content":{"rendered":"","protected":false},"excerpt":{"rendered":"","protected":false},"author":2,"featured_media":0,"parent":0,"menu_order":7,"comment_status":"closed","ping_status":"closed","template":"page-layout-references.php","meta":{"_acf_changed":false,"footnotes":""},"class_list":["post-525","page","type-page","status-publish","hentry"],"acf":[],"yoast_head":"<!-- This site is optimized with the Yoast SEO plugin v27.3 - https:\/\/yoast.com\/product\/yoast-seo-wordpress\/ -->\n<title>References - T4M SPRL<\/title>\n<meta name=\"robots\" content=\"index, follow, max-snippet:-1, max-image-preview:large, max-video-preview:-1\" \/>\n<link rel=\"canonical\" href=\"https:\/\/www.t4m.be\/en\/references-liste\/\" \/>\n<meta property=\"og:locale\" content=\"en_US\" \/>\n<meta property=\"og:type\" content=\"article\" \/>\n<meta property=\"og:title\" content=\"References - T4M SPRL\" \/>\n<meta property=\"og:url\" content=\"https:\/\/www.t4m.be\/en\/references-liste\/\" \/>\n<meta property=\"og:site_name\" content=\"T4M SPRL\" \/>\n<meta property=\"article:modified_time\" content=\"2024-09-23T13:30:08+00:00\" \/>\n<meta name=\"twitter:card\" content=\"summary_large_image\" \/>\n<meta name=\"twitter:label1\" content=\"Est. reading time\" \/>\n\t<meta name=\"twitter:data1\" content=\"2 minutes\" \/>\n<script type=\"application\/ld+json\" class=\"yoast-schema-graph\">{\"@context\":\"https:\\\/\\\/schema.org\",\"@graph\":[{\"@type\":\"WebPage\",\"@id\":\"https:\\\/\\\/www.t4m.be\\\/en\\\/references-liste\\\/\",\"url\":\"https:\\\/\\\/www.t4m.be\\\/en\\\/references-liste\\\/\",\"name\":\"References - T4M SPRL\",\"isPartOf\":{\"@id\":\"https:\\\/\\\/www.t4m.be\\\/#website\"},\"datePublished\":\"2016-05-09T19:43:17+00:00\",\"dateModified\":\"2024-09-23T13:30:08+00:00\",\"breadcrumb\":{\"@id\":\"https:\\\/\\\/www.t4m.be\\\/en\\\/references-liste\\\/#breadcrumb\"},\"inLanguage\":\"en-US\",\"potentialAction\":[{\"@type\":\"ReadAction\",\"target\":[\"https:\\\/\\\/www.t4m.be\\\/en\\\/references-liste\\\/\"]}]},{\"@type\":\"BreadcrumbList\",\"@id\":\"https:\\\/\\\/www.t4m.be\\\/en\\\/references-liste\\\/#breadcrumb\",\"itemListElement\":[{\"@type\":\"ListItem\",\"position\":1,\"name\":\"Home\",\"item\":\"https:\\\/\\\/www.t4m.be\\\/en\\\/\"},{\"@type\":\"ListItem\",\"position\":2,\"name\":\"References\"}]},{\"@type\":\"WebSite\",\"@id\":\"https:\\\/\\\/www.t4m.be\\\/#website\",\"url\":\"https:\\\/\\\/www.t4m.be\\\/\",\"name\":\"T4M SPRL\",\"description\":\"Ing\u00e9nieurs conseils en techniques sp\u00e9ciales &amp; \u00e9nergie\",\"publisher\":{\"@id\":\"https:\\\/\\\/www.t4m.be\\\/#organization\"},\"potentialAction\":[{\"@type\":\"SearchAction\",\"target\":{\"@type\":\"EntryPoint\",\"urlTemplate\":\"https:\\\/\\\/www.t4m.be\\\/?s={search_term_string}\"},\"query-input\":{\"@type\":\"PropertyValueSpecification\",\"valueRequired\":true,\"valueName\":\"search_term_string\"}}],\"inLanguage\":\"en-US\"},{\"@type\":\"Organization\",\"@id\":\"https:\\\/\\\/www.t4m.be\\\/#organization\",\"name\":\"T4M\",\"url\":\"https:\\\/\\\/www.t4m.be\\\/\",\"logo\":{\"@type\":\"ImageObject\",\"inLanguage\":\"en-US\",\"@id\":\"https:\\\/\\\/www.t4m.be\\\/#\\\/schema\\\/logo\\\/image\\\/\",\"url\":\"https:\\\/\\\/www.t4m.be\\\/wp-content\\\/uploads\\\/2018\\\/03\\\/T4M-t4m-logo.png\",\"contentUrl\":\"https:\\\/\\\/www.t4m.be\\\/wp-content\\\/uploads\\\/2018\\\/03\\\/T4M-t4m-logo.png\",\"width\":800,\"height\":800,\"caption\":\"T4M\"},\"image\":{\"@id\":\"https:\\\/\\\/www.t4m.be\\\/#\\\/schema\\\/logo\\\/image\\\/\"}}]}<\/script>\n<!-- \/ Yoast SEO plugin. -->","yoast_head_json":{"title":"References - T4M SPRL","robots":{"index":"index","follow":"follow","max-snippet":"max-snippet:-1","max-image-preview":"max-image-preview:large","max-video-preview":"max-video-preview:-1"},"canonical":"https:\/\/www.t4m.be\/en\/references-liste\/","og_locale":"en_US","og_type":"article","og_title":"References - T4M SPRL","og_url":"https:\/\/www.t4m.be\/en\/references-liste\/","og_site_name":"T4M SPRL","article_modified_time":"2024-09-23T13:30:08+00:00","twitter_card":"summary_large_image","twitter_misc":{"Est. reading time":"2 minutes"},"schema":{"@context":"https:\/\/schema.org","@graph":[{"@type":"WebPage","@id":"https:\/\/www.t4m.be\/en\/references-liste\/","url":"https:\/\/www.t4m.be\/en\/references-liste\/","name":"References - T4M SPRL","isPartOf":{"@id":"https:\/\/www.t4m.be\/#website"},"datePublished":"2016-05-09T19:43:17+00:00","dateModified":"2024-09-23T13:30:08+00:00","breadcrumb":{"@id":"https:\/\/www.t4m.be\/en\/references-liste\/#breadcrumb"},"inLanguage":"en-US","potentialAction":[{"@type":"ReadAction","target":["https:\/\/www.t4m.be\/en\/references-liste\/"]}]},{"@type":"BreadcrumbList","@id":"https:\/\/www.t4m.be\/en\/references-liste\/#breadcrumb","itemListElement":[{"@type":"ListItem","position":1,"name":"Home","item":"https:\/\/www.t4m.be\/en\/"},{"@type":"ListItem","position":2,"name":"References"}]},{"@type":"WebSite","@id":"https:\/\/www.t4m.be\/#website","url":"https:\/\/www.t4m.be\/","name":"T4M SPRL","description":"Ing\u00e9nieurs conseils en techniques sp\u00e9ciales &amp; \u00e9nergie","publisher":{"@id":"https:\/\/www.t4m.be\/#organization"},"potentialAction":[{"@type":"SearchAction","target":{"@type":"EntryPoint","urlTemplate":"https:\/\/www.t4m.be\/?s={search_term_string}"},"query-input":{"@type":"PropertyValueSpecification","valueRequired":true,"valueName":"search_term_string"}}],"inLanguage":"en-US"},{"@type":"Organization","@id":"https:\/\/www.t4m.be\/#organization","name":"T4M","url":"https:\/\/www.t4m.be\/","logo":{"@type":"ImageObject","inLanguage":"en-US","@id":"https:\/\/www.t4m.be\/#\/schema\/logo\/image\/","url":"https:\/\/www.t4m.be\/wp-content\/uploads\/2018\/03\/T4M-t4m-logo.png","contentUrl":"https:\/\/www.t4m.be\/wp-content\/uploads\/2018\/03\/T4M-t4m-logo.png","width":800,"height":800,"caption":"T4M"},"image":{"@id":"https:\/\/www.t4m.be\/#\/schema\/logo\/image\/"}}]}},"_links":{"self":[{"href":"https:\/\/www.t4m.be\/en\/wp-json\/wp\/v2\/pages\/525","targetHints":{"allow":["GET"]}}],"collection":[{"href":"https:\/\/www.t4m.be\/en\/wp-json\/wp\/v2\/pages"}],"about":[{"href":"https:\/\/www.t4m.be\/en\/wp-json\/wp\/v2\/types\/page"}],"author":[{"embeddable":true,"href":"https:\/\/www.t4m.be\/en\/wp-json\/wp\/v2\/users\/2"}],"replies":[{"embeddable":true,"href":"https:\/\/www.t4m.be\/en\/wp-json\/wp\/v2\/comments?post=525"}],"version-history":[{"count":3,"href":"https:\/\/www.t4m.be\/en\/wp-json\/wp\/v2\/pages\/525\/revisions"}],"predecessor-version":[{"id":1087,"href":"https:\/\/www.t4m.be\/en\/wp-json\/wp\/v2\/pages\/525\/revisions\/1087"}],"wp:attachment":[{"href":"https:\/\/www.t4m.be\/en\/wp-json\/wp\/v2\/media?parent=525"}],"curies":[{"name":"wp","href":"https:\/\/api.w.org\/{rel}","templated":true}]}}